{"id":367,"date":"2019-11-11T02:18:04","date_gmt":"2019-11-11T02:18:04","guid":{"rendered":"https:\/\/demo.casethemes.net\/consultio-immigration\/?page_id=367"},"modified":"2025-01-20T14:25:17","modified_gmt":"2025-01-20T13:25:17","slug":"preinscription","status":"publish","type":"page","link":"https:\/\/ispsdosso.com\/?page_id=367","title":{"rendered":"Pr\u00e9inscription"},"content":{"rendered":"\t\t<div data-elementor-type=\"wp-page\" data-elementor-id=\"367\" class=\"elementor elementor-367\">\n\t\t\t\t\t\t\t        <section class=\"elementor-section elementor-top-section elementor-element elementor-element-470c114 elementor-section-full_width elementor-section-stretched elementor-section-height-default elementor-section-height-default ct-header-fixed-none ct-row-max-none\" data-id=\"470c114\" data-element_type=\"section\" data-settings=\"{&quot;background_background&quot;:&quot;classic&quot;,&quot;stretch_section&quot;:&quot;section-stretched&quot;}\">\n            \n                        <div class=\"elementor-container elementor-column-gap-default \">\n                    <div class=\"elementor-column elementor-col-100 elementor-top-column elementor-element elementor-element-0e98409\" data-id=\"0e98409\" data-element_type=\"column\" data-settings=\"{&quot;background_background&quot;:&quot;classic&quot;}\">\n            <div class=\"elementor-widget-wrap elementor-element-populated\">\n                        \t\t<div class=\"elementor-element elementor-element-dab6107 elementor-widget elementor-widget-formidable\" data-id=\"dab6107\" data-element_type=\"widget\" data-widget_type=\"formidable.default\">\n\t\t\t\t<div class=\"elementor-widget-container\">\n\t\t\t<div class=\"frm_forms  with_frm_style frm_style_style-formidable\" id=\"frm_form_3_container\" data-token=\"36411d69735586a128c3f6370f1b8689\">\n<form enctype=\"multipart\/form-data\" method=\"post\" class=\"frm-show-form  frm_pro_form \" id=\"form_prinscription\"  data-token=\"36411d69735586a128c3f6370f1b8689\">\n<div class=\"frm_form_fields \">\n<fieldset>\n<legend class=\"frm_screen_reader\">Pr\u00e9 inscription<\/legend>\n\n<div class=\"frm_fields_container\">\n<input type=\"hidden\" name=\"frm_action\" value=\"create\" \/>\n<input type=\"hidden\" name=\"form_id\" value=\"3\" \/>\n<input type=\"hidden\" name=\"frm_hide_fields_3\" id=\"frm_hide_fields_3\" value=\"\" \/>\n<input type=\"hidden\" name=\"form_key\" value=\"prinscription\" \/>\n<input type=\"hidden\" name=\"item_meta[0]\" value=\"\" \/>\n<input type=\"hidden\" id=\"frm_submit_entry_3\" name=\"frm_submit_entry_3\" value=\"1497d9bf32\" \/><input type=\"hidden\" name=\"_wp_http_referer\" value=\"\/index.php?rest_route=%2Fwp%2Fv2%2Fpages%2F367\" \/><div id=\"frm_field_8_container\" class=\"frm_form_field form-field  frm_required_field frm_top_container frm6 frm_first\">\n    <label for=\"field_7vgrn\" id=\"field_7vgrn_label\" class=\"frm_primary_label\">Nom\n        <span class=\"frm_required\" aria-hidden=\"true\">*<\/span>\n    <\/label>\n    <input type=\"text\" id=\"field_7vgrn\" name=\"item_meta[8]\" value=\"\"  data-reqmsg=\"This field cannot be blank.\" aria-required=\"true\" data-invmsg=\"texte est non valide\" aria-invalid=\"false\"  \/>\n    \n    \n<\/div>\n<div id=\"frm_field_9_container\" class=\"frm_form_field form-field  frm_required_field frm_top_container frm6\">\n    <label for=\"field_kl9t2\" id=\"field_kl9t2_label\" class=\"frm_primary_label\">Pr\u00e9nom\n        <span class=\"frm_required\" aria-hidden=\"true\">*<\/span>\n    <\/label>\n    <input type=\"text\" id=\"field_kl9t2\" name=\"item_meta[9]\" value=\"\"  data-reqmsg=\"This field cannot be blank.\" aria-required=\"true\" data-invmsg=\"texte est non valide\" aria-invalid=\"false\"  \/>\n    \n    \n<\/div>\n<div id=\"frm_field_10_container\" class=\"frm_form_field form-field  frm_required_field frm_top_container frm6 frm_first\">\n    <label for=\"field_f5xlv\" id=\"field_f5xlv_label\" class=\"frm_primary_label\">Lieu de naissance \n        <span class=\"frm_required\" aria-hidden=\"true\">*<\/span>\n    <\/label>\n    <input type=\"text\" id=\"field_f5xlv\" name=\"item_meta[10]\" value=\"\"  data-reqmsg=\"This field cannot be blank.\" aria-required=\"true\" data-invmsg=\"texte est non valide\" aria-invalid=\"false\"  \/>\n    \n    \n<\/div>\n<div id=\"frm_field_11_container\" class=\"frm_form_field form-field  frm_required_field frm_top_container frm6\">\n    <label for=\"field_wvnsg\" id=\"field_wvnsg_label\" class=\"frm_primary_label\">Date de naissance \n        <span class=\"frm_required\" aria-hidden=\"true\">*<\/span>\n    <\/label>\n    <input type=\"text\" id=\"field_wvnsg\" name=\"item_meta[11]\" value=\"\"  maxlength=\"10\" data-reqmsg=\"This field cannot be blank.\" aria-required=\"true\" data-invmsg=\"Date est non valide\" class=\"frm_date\" aria-invalid=\"false\"  \/>\n    \n    \n<\/div>\n<div id=\"frm_field_12_container\" class=\"frm_form_field form-field  frm_required_field frm_top_container frm6 frm_first\">\n    <label for=\"field_42id2\" id=\"field_42id2_label\" class=\"frm_primary_label\">Adresse\n        <span class=\"frm_required\" aria-hidden=\"true\">*<\/span>\n    <\/label>\n    <input type=\"text\" id=\"field_42id2\" name=\"item_meta[12]\" value=\"\"  data-reqmsg=\"This field cannot be blank.\" aria-required=\"true\" data-invmsg=\"texte est non valide\" aria-invalid=\"false\"  \/>\n    \n    \n<\/div>\n<div id=\"frm_field_13_container\" class=\"frm_form_field form-field  frm_required_field frm_top_container frm6\">\n    <label for=\"field_ou7iu\" id=\"field_ou7iu_label\" class=\"frm_primary_label\">R\u00e9gion\n        <span class=\"frm_required\" aria-hidden=\"true\">*<\/span>\n    <\/label>\n    <input type=\"text\" id=\"field_ou7iu\" name=\"item_meta[13]\" value=\"\"  data-reqmsg=\"This field cannot be blank.\" aria-required=\"true\" data-invmsg=\"texte est non valide\" aria-invalid=\"false\"  \/>\n    \n    \n<\/div>\n<div id=\"frm_field_14_container\" class=\"frm_form_field form-field  frm_required_field frm_top_container frm6 frm_first\">\n    <label for=\"field_2ryxk\" id=\"field_2ryxk_label\" class=\"frm_primary_label\">T\u00e9l\u00e9phone \n        <span class=\"frm_required\" aria-hidden=\"true\">*<\/span>\n    <\/label>\n    <input type=\"text\" id=\"field_2ryxk\" name=\"item_meta[14]\" value=\"\"  data-reqmsg=\"This field cannot be blank.\" aria-required=\"true\" data-invmsg=\"texte est non valide\" aria-invalid=\"false\"  \/>\n    \n    \n<\/div>\n<div id=\"frm_field_15_container\" class=\"frm_form_field form-field  frm_top_container frm6\">\n    <label for=\"field_ovwgw\" id=\"field_ovwgw_label\" class=\"frm_primary_label\">Email\n        <span class=\"frm_required\" aria-hidden=\"true\"><\/span>\n    <\/label>\n    <input type=\"text\" id=\"field_ovwgw\" name=\"item_meta[15]\" value=\"\"  data-invmsg=\"texte est non valide\" aria-invalid=\"false\"  \/>\n    \n    \n<\/div>\n<div id=\"frm_field_16_container\" class=\"frm_form_field form-field  frm_required_field frm_top_container frm_four_col\">\n    <div  id=\"field_rpbz_label\" class=\"frm_primary_label\">Niveau\n        <span class=\"frm_required\" aria-hidden=\"true\">*<\/span>\n    <\/div>\n    <div class=\"frm_opt_container\" aria-labelledby=\"field_rpbz_label\" role=\"group\">\t\t<div class=\"frm_radio\" id=\"frm_radio_16-0\"><label for=\"field_rpbz-0\">\t\t<input type=\"radio\" name=\"item_meta[16]\" id=\"field_rpbz-0\" value=\"\u00c9l\u00e9mentaire\"\n\t\t   data-reqmsg=\"This field cannot be blank.\" aria-required=\"true\" data-invmsg=\"Niveau est non valide\" aria-invalid=\"false\"  \/> \u00c9l\u00e9mentaire<\/label><\/div>\n\t\t<div class=\"frm_radio\" id=\"frm_radio_16-1\"><label for=\"field_rpbz-1\">\t\t<input type=\"radio\" name=\"item_meta[16]\" id=\"field_rpbz-1\" value=\"Moyen\"\n\t\t   data-reqmsg=\"This field cannot be blank.\" aria-required=\"true\" data-invmsg=\"Niveau est non valide\" aria-invalid=\"false\"  \/> Moyen<\/label><\/div>\n\t\t<div class=\"frm_radio\" id=\"frm_radio_16-2\"><label for=\"field_rpbz-2\">\t\t<input type=\"radio\" name=\"item_meta[16]\" id=\"field_rpbz-2\" value=\"Licence\"\n\t\t   data-reqmsg=\"This field cannot be blank.\" aria-required=\"true\" data-invmsg=\"Niveau est non valide\" aria-invalid=\"false\"  \/> Licence<\/label><\/div>\n\t\t<div class=\"frm_radio\" id=\"frm_radio_16-3\"><label for=\"field_rpbz-3\">\t\t<input type=\"radio\" name=\"item_meta[16]\" id=\"field_rpbz-3\" value=\"Master\"\n\t\t   data-reqmsg=\"This field cannot be blank.\" aria-required=\"true\" data-invmsg=\"Niveau est non valide\" aria-invalid=\"false\"  \/> Master<\/label><\/div>\n<\/div>\n    \n    \n<\/div>\n<div id=\"frm_field_17_container\" class=\"frm_form_field form-field  frm_required_field frm_top_container\">\n    <label for=\"field_yjd3i\" id=\"field_yjd3i_label\" class=\"frm_primary_label\">Fili\u00e8re \n        <span class=\"frm_required\" aria-hidden=\"true\">*<\/span>\n    <\/label>\n    \t\t<select name=\"item_meta[17]\" id=\"field_yjd3i\"  data-frmval=\"Vendeur en Pharmacie\" data-reqmsg=\"This field cannot be blank.\" aria-required=\"true\" data-invmsg=\"Fili\u00e8re  est non valide\" aria-invalid=\"false\"  >\n\t\t<option  value=\"Vendeur en Pharmacie\" selected='selected'>Vendeur en Pharmacie<\/option><option  value=\"Agent de sant\u00e9 de Base\">Agent de sant\u00e9 de Base<\/option><option  value=\"D\u00e9l\u00e9gu\u00e9 M\u00e9dical\">D\u00e9l\u00e9gu\u00e9 M\u00e9dical<\/option><option  value=\"Secr\u00e9taire M\u00e9dical\">Secr\u00e9taire M\u00e9dical<\/option><option  value=\"Sciences Infirmi\u00e8res et Obst\u00e9tricales Option : Infirmier\">Sciences Infirmi\u00e8res et Obst\u00e9tricales Option : Infirmier<\/option><option  value=\"Sciences Infirmi\u00e8res et Obst\u00e9tricales Option : Sage-femme\">Sciences Infirmi\u00e8res et Obst\u00e9tricales Option : Sage-femme<\/option><option  value=\"Assistant Social\">Assistant Social<\/option><option  value=\"Biologie M\u00e9dicale\">Biologie M\u00e9dicale<\/option><option  value=\"Gestionnaire des Services de Sant\u00e9\">Gestionnaire des Services de Sant\u00e9<\/option><option  value=\"Technicien Sup\u00e9rieur en Communication en Sant\u00e9\">Technicien Sup\u00e9rieur en Communication en Sant\u00e9<\/option><option  value=\"Technicien Sup\u00e9rieur en \u00c9pid\u00e9miologie\">Technicien Sup\u00e9rieur en \u00c9pid\u00e9miologie<\/option><option  value=\"Technicien Sup\u00e9rieur en Sant\u00e9 de la Reproduction\">Technicien Sup\u00e9rieur en Sant\u00e9 de la Reproduction<\/option><option  value=\"Technicien Sup\u00e9rieur en Nutrition\">Technicien Sup\u00e9rieur en Nutrition<\/option>\t<\/select>\n\t\n    \n    \n<\/div>\n<div id=\"frm_field_18_container\" class=\"frm_form_field form-field  frm_required_field frm_top_container frm_four_col\">\n    <div  id=\"field_1dg7t_label\" class=\"frm_primary_label\">Niveau d'\u00e9tude\n        <span class=\"frm_required\" aria-hidden=\"true\">*<\/span>\n    <\/div>\n    <div class=\"frm_opt_container\" aria-labelledby=\"field_1dg7t_label\" role=\"group\">\t\t<div class=\"frm_radio\" id=\"frm_radio_18-0\"><label for=\"field_1dg7t-0\">\t\t<input type=\"radio\" name=\"item_meta[18]\" id=\"field_1dg7t-0\" value=\"1\u00e8re ann\u00e9e\"\n\t\t   data-reqmsg=\"This field cannot be blank.\" aria-required=\"true\" data-invmsg=\"Niveau d&#039;\u00e9tude est non valide\" aria-invalid=\"false\"  \/> 1\u00e8re ann\u00e9e<\/label><\/div>\n\t\t<div class=\"frm_radio\" id=\"frm_radio_18-1\"><label for=\"field_1dg7t-1\">\t\t<input type=\"radio\" name=\"item_meta[18]\" id=\"field_1dg7t-1\" value=\"2\u00e8me ann\u00e9e\"\n\t\t   data-reqmsg=\"This field cannot be blank.\" aria-required=\"true\" data-invmsg=\"Niveau d&#039;\u00e9tude est non valide\" aria-invalid=\"false\"  \/> 2\u00e8me ann\u00e9e<\/label><\/div>\n\t\t<div class=\"frm_radio\" id=\"frm_radio_18-2\"><label for=\"field_1dg7t-2\">\t\t<input type=\"radio\" name=\"item_meta[18]\" id=\"field_1dg7t-2\" value=\"3\u00e8me ann\u00e9e\"\n\t\t   data-reqmsg=\"This field cannot be blank.\" aria-required=\"true\" data-invmsg=\"Niveau d&#039;\u00e9tude est non valide\" aria-invalid=\"false\"  \/> 3\u00e8me ann\u00e9e<\/label><\/div>\n<\/div>\n    \n    \n<\/div>\n<div id=\"frm_field_21_container\" class=\"frm_form_field form-field  frm_top_container frm4 frm_first\">\n    <label for=\"field_rqvuh\" id=\"field_rqvuh_label\" class=\"frm_primary_label\">Nationalit\u00e9 \n        <span class=\"frm_required\" aria-hidden=\"true\"><\/span>\n    <\/label>\n    <input type=\"hidden\" name=\"item_meta[21]\"  value=\"\" data-frmfile=\"21\" \/>\n\n<div class=\"frm_dropzone frm_single_upload frm_clearfix\" id=\"file21_dropzone\" role=\"group\" >\n\t<div class=\"fallback\">\n\t\t<input type=\"file\" name=\"file21\" id=\"field_rqvuh\"\n\t\t\t data-invmsg=\"T\u00e9l\u00e9versement de fichier est non valide\" class=\"auto_width\" aria-invalid=\"false\"  \t\t\t\/>\n\t\t\t\t<div class=\"frm_clearfix \"><\/div>\n\t<\/div>\n\t<div class=\"dz-message needsclick\">\n\t\t<span class=\"frm_icon_font frm_upload_icon\"><\/span>\n\t\t<span class=\"frm_upload_text\"><button type=\"button\">D\u00e9poser un fichier ici ou cliquer pour t\u00e9l\u00e9charger<\/button><\/span>\n\t\t<span class=\"frm_compact_text\"><button type=\"button\">Choisir un fichier<\/button><\/span>\n\t\t<div class=\"frm_small_text\">\n\t\t\tTaille de t\u00e9l\u00e9chargement maximum : 10 Mo\t\t<\/div>\n\t<\/div>\n<\/div>\n\n    \n    \n<\/div>\n<div id=\"frm_field_20_container\" class=\"frm_form_field form-field  frm_top_container frm4\">\n    <label for=\"field_3qiqj\" id=\"field_3qiqj_label\" class=\"frm_primary_label\">Acte de naissance \n        <span class=\"frm_required\" aria-hidden=\"true\"><\/span>\n    <\/label>\n    <input type=\"hidden\" name=\"item_meta[20]\"  value=\"\" data-frmfile=\"20\" \/>\n\n<div class=\"frm_dropzone frm_single_upload frm_clearfix\" id=\"file20_dropzone\" role=\"group\" >\n\t<div class=\"fallback\">\n\t\t<input type=\"file\" name=\"file20\" id=\"field_3qiqj\"\n\t\t\t data-invmsg=\"T\u00e9l\u00e9versement de fichier est non valide\" class=\"auto_width\" aria-invalid=\"false\"  \t\t\t\/>\n\t\t\t\t<div class=\"frm_clearfix \"><\/div>\n\t<\/div>\n\t<div class=\"dz-message needsclick\">\n\t\t<span class=\"frm_icon_font frm_upload_icon\"><\/span>\n\t\t<span class=\"frm_upload_text\"><button type=\"button\">D\u00e9poser un fichier ici ou cliquer pour t\u00e9l\u00e9charger<\/button><\/span>\n\t\t<span class=\"frm_compact_text\"><button type=\"button\">Choisir un fichier<\/button><\/span>\n\t\t<div class=\"frm_small_text\">\n\t\t\tTaille de t\u00e9l\u00e9chargement maximum : 10 Mo\t\t<\/div>\n\t<\/div>\n<\/div>\n\n    \n    \n<\/div>\n<div id=\"frm_field_19_container\" class=\"frm_form_field form-field  frm_top_container frm4\">\n    <label for=\"field_u0nfd\" id=\"field_u0nfd_label\" class=\"frm_primary_label\">Dipl\u00f4me \n        <span class=\"frm_required\" aria-hidden=\"true\"><\/span>\n    <\/label>\n    <input type=\"hidden\" name=\"item_meta[19]\"  value=\"\" data-frmfile=\"19\" \/>\n\n<div class=\"frm_dropzone frm_single_upload frm_clearfix\" id=\"file19_dropzone\" role=\"group\" >\n\t<div class=\"fallback\">\n\t\t<input type=\"file\" name=\"file19\" id=\"field_u0nfd\"\n\t\t\t data-invmsg=\"T\u00e9l\u00e9versement de fichier est non valide\" class=\"auto_width\" aria-invalid=\"false\"  \t\t\t\/>\n\t\t\t\t<div class=\"frm_clearfix \"><\/div>\n\t<\/div>\n\t<div class=\"dz-message needsclick\">\n\t\t<span class=\"frm_icon_font frm_upload_icon\"><\/span>\n\t\t<span class=\"frm_upload_text\"><button type=\"button\">D\u00e9poser un fichier ici ou cliquer pour t\u00e9l\u00e9charger<\/button><\/span>\n\t\t<span class=\"frm_compact_text\"><button type=\"button\">Choisir un fichier<\/button><\/span>\n\t\t<div class=\"frm_small_text\">\n\t\t\tTaille de t\u00e9l\u00e9chargement maximum : 10 Mo\t\t<\/div>\n\t<\/div>\n<\/div>\n\n    \n    \n<\/div>\n\t<input type=\"hidden\" name=\"item_key\" value=\"\" \/>\n\t\t\t\t<div class=\"frm_verify\" aria-hidden=\"true\">\n\t\t\t\t<label for=\"frm_email_3\">\n\t\t\t\t\tSi vous \u00eates un humain, ne remplissez pas ce champ.\t\t\t\t<\/label>\n\t\t\t\t<input type=\"text\" class=\"frm_verify\" id=\"frm_email_3\" name=\"frm_verify\" value=\"\"  \/>\n\t\t\t<\/div>\n\t\t<input name=\"frm_state\" type=\"hidden\" value=\"LIbylM7fXIwi2ExbA9R\/C4C9X8FtOQ2xFWWIBUHuCco=\" \/><div class=\"frm_submit\">\n\n<button class=\"frm_button_submit frm_final_submit\" type=\"submit\"  >Envoyer<\/button>\n\n\n<\/div><\/div>\n<\/fieldset>\n<\/div>\n<p style=\"display: none !important;\" class=\"akismet-fields-container\" data-prefix=\"ak_\"><label>&#916;<textarea name=\"ak_hp_textarea\" cols=\"45\" rows=\"8\" maxlength=\"100\"><\/textarea><\/label><input type=\"hidden\" id=\"ak_js_1\" name=\"ak_js\" value=\"180\"\/><script>document.getElementById( \"ak_js_1\" ).setAttribute( \"value\", ( new Date() ).getTime() );<\/script><\/p><\/form>\n<\/div>\n\t\t<\/div>\n\t\t\t\t<\/div>\n\t\t            <\/div>\n        <\/div>\n                            <\/div>\n        <\/section>\n        \t\t\t\t\t<\/div>\n\t\t","protected":false},"excerpt":{"rendered":"<p>Pr\u00e9 inscription Nom * Pr\u00e9nom * Lieu de naissance * Date de naissance * Adresse * R\u00e9gion * T\u00e9l\u00e9phone * Email Niveau * \u00c9l\u00e9mentaire Moyen Licence Master Fili\u00e8re * Option 1 Niveau d&#8217;\u00e9tude * 1\u00e8re ann\u00e9e 2\u00e8me ann\u00e9e 3\u00e8me ann\u00e9e Nationalit\u00e9 D\u00e9poser un fichier ici ou cliquer pour t\u00e9l\u00e9charger Choisir un fichier Taille de t\u00e9l\u00e9chargement [&hellip;]<\/p>\n<div class=\"pvc_clear\"><\/div>\n<p id=\"pvc_stats_367\" class=\"pvc_stats total_only  \" data-element-id=\"367\" style=\"\"><i class=\"pvc-stats-icon medium\" aria-hidden=\"true\"><svg xmlns=\"http:\/\/www.w3.org\/2000\/svg\" version=\"1.0\" viewBox=\"0 0 502 315\" preserveAspectRatio=\"xMidYMid meet\"><g transform=\"translate(0,332) scale(0.1,-0.1)\" fill=\"\" stroke=\"none\"><path d=\"M2394 3279 l-29 -30 -3 -207 c-2 -182 0 -211 15 -242 39 -76 157 -76 196 0 15 31 17 60 15 243 l-3 209 -33 29 c-26 23 -41 29 -80 29 -41 0 -53 -5 -78 -31z\"\/><path d=\"M3085 3251 c-45 -19 -58 -50 -96 -229 -47 -217 -49 -260 -13 -295 52 -53 146 -42 177 20 16 31 87 366 87 410 0 70 -86 122 -155 94z\"\/><path d=\"M1751 3234 c-13 -9 -29 -31 -37 -50 -12 -29 -10 -49 21 -204 19 -94 39 -189 45 -210 14 -50 54 -80 110 -80 34 0 48 6 76 34 21 21 34 44 34 59 0 14 -18 113 -40 219 -37 178 -43 195 -70 221 -36 32 -101 37 -139 11z\"\/><path d=\"M1163 3073 c-36 -7 -73 -59 -73 -102 0 -56 133 -378 171 -413 34 -32 83 -37 129 -13 70 36 67 87 -16 290 -86 209 -89 214 -129 231 -35 14 -42 15 -82 7z\"\/><path d=\"M3689 3066 c-15 -9 -33 -30 -42 -48 -48 -103 -147 -355 -147 -375 0 -98 131 -148 192 -74 13 15 57 108 97 206 80 196 84 226 37 273 -30 30 -99 39 -137 18z\"\/><path d=\"M583 2784 c-38 -19 -67 -74 -58 -113 9 -42 211 -354 242 -373 16 -10 45 -18 66 -18 51 0 107 52 107 100 0 39 -1 41 -124 234 -80 126 -108 162 -133 173 -41 17 -61 16 -100 -3z\"\/><path d=\"M4250 2784 c-14 -9 -74 -91 -133 -183 -95 -150 -107 -173 -107 -213 0 -55 33 -94 87 -104 67 -13 90 8 211 198 130 202 137 225 78 284 -27 27 -42 34 -72 34 -22 0 -50 -8 -64 -16z\"\/><path d=\"M2275 2693 c-553 -48 -1095 -270 -1585 -649 -135 -104 -459 -423 -483 -476 -23 -49 -22 -139 2 -186 73 -142 361 -457 571 -626 285 -228 642 -407 990 -497 242 -63 336 -73 660 -74 310 0 370 5 595 52 535 111 1045 392 1455 803 122 121 250 273 275 326 19 41 19 137 0 174 -41 79 -309 363 -465 492 -447 370 -946 591 -1479 653 -113 14 -422 18 -536 8z m395 -428 c171 -34 330 -124 456 -258 112 -119 167 -219 211 -378 27 -96 24 -300 -5 -401 -72 -255 -236 -447 -474 -557 -132 -62 -201 -76 -368 -76 -167 0 -236 14 -368 76 -213 98 -373 271 -451 485 -162 444 86 934 547 1084 153 49 292 57 452 25z m909 -232 c222 -123 408 -262 593 -441 76 -74 138 -139 138 -144 0 -16 -233 -242 -330 -319 -155 -123 -309 -223 -461 -299 l-81 -41 32 46 c18 26 49 83 70 128 143 306 141 649 -6 957 -25 52 -61 116 -79 142 l-34 47 45 -20 c26 -10 76 -36 113 -56z m-2057 25 c-40 -58 -105 -190 -130 -263 -110 -324 -59 -707 132 -981 25 -35 42 -64 37 -64 -19 0 -241 119 -326 174 -188 122 -406 314 -532 468 l-58 71 108 103 c185 178 428 349 672 473 66 33 121 60 123 61 2 0 -10 -19 -26 -42z\"\/><path d=\"M2375 1950 c-198 -44 -350 -190 -395 -379 -18 -76 -8 -221 19 -290 114 -284 457 -406 731 -260 98 52 188 154 231 260 27 69 37 214 19 290 -38 163 -166 304 -326 360 -67 23 -215 33 -279 19z\"\/><\/g><\/svg><\/i> <img decoding=\"async\" width=\"16\" height=\"16\" alt=\"Loading\" src=\"https:\/\/ispsdosso.com\/wp-content\/plugins\/page-views-count\/ajax-loader-2x.gif\" border=0 \/><\/p>\n<div class=\"pvc_clear\"><\/div>\n","protected":false},"author":1,"featured_media":0,"parent":0,"menu_order":0,"comment_status":"closed","ping_status":"closed","template":"","meta":{"_joinchat":[],"footnotes":""},"class_list":["post-367","page","type-page","status-publish","hentry"],"_links":{"self":[{"href":"https:\/\/ispsdosso.com\/index.php?rest_route=\/wp\/v2\/pages\/367","targetHints":{"allow":["GET"]}}],"collection":[{"href":"https:\/\/ispsdosso.com\/index.php?rest_route=\/wp\/v2\/pages"}],"about":[{"href":"https:\/\/ispsdosso.com\/index.php?rest_route=\/wp\/v2\/types\/page"}],"author":[{"embeddable":true,"href":"https:\/\/ispsdosso.com\/index.php?rest_route=\/wp\/v2\/users\/1"}],"replies":[{"embeddable":true,"href":"https:\/\/ispsdosso.com\/index.php?rest_route=%2Fwp%2Fv2%2Fcomments&post=367"}],"version-history":[{"count":21,"href":"https:\/\/ispsdosso.com\/index.php?rest_route=\/wp\/v2\/pages\/367\/revisions"}],"predecessor-version":[{"id":6533,"href":"https:\/\/ispsdosso.com\/index.php?rest_route=\/wp\/v2\/pages\/367\/revisions\/6533"}],"wp:attachment":[{"href":"https:\/\/ispsdosso.com\/index.php?rest_route=%2Fwp%2Fv2%2Fmedia&parent=367"}],"curies":[{"name":"wp","href":"https:\/\/api.w.org\/{rel}","templated":true}]}}